{"id":7,"date":"2023-05-17T09:16:23","date_gmt":"2023-05-17T09:16:23","guid":{"rendered":"http:\/\/domekwgruszkach.pl\/?page_id=7"},"modified":"2025-02-02T14:56:28","modified_gmt":"2025-02-02T14:56:28","slug":"strona-glowna","status":"publish","type":"page","link":"https:\/\/domekwgruszkach.pl\/","title":{"rendered":"Strona g\u0142\u00f3wna"},"content":{"rendered":"\t\t<div data-elementor-type=\"wp-page\" data-elementor-id=\"7\" class=\"elementor elementor-7\">\n\t\t\t\t\t\t\t\t\t<section class=\"elementor-section elementor-top-section elementor-element elementor-element-1db810c0 elementor-section-height-min-height elementor-section-items-stretch elementor-section-boxed elementor-section-height-default\" data-id=\"1db810c0\" data-element_type=\"section\" data-settings=\"{&quot;background_background&quot;:&quot;classic&quot;}\">\n\t\t\t\t\t\t\t<div class=\"elementor-background-overlay\"><\/div>\n\t\t\t\t\t\t\t<div class=\"elementor-container elementor-column-gap-no\">\n\t\t\t\t\t<div class=\"elementor-column elementor-col-100 elementor-top-column elementor-element elementor-element-1250ea84\" data-id=\"1250ea84\" data-element_type=\"column\">\n\t\t\t<div class=\"elementor-widget-wrap elementor-element-populated\">\n\t\t\t\t\t\t\t\t<div class=\"elementor-element elementor-element-6671cb1a elementor-widget elementor-widget-heading\" data-id=\"6671cb1a\" data-element_type=\"widget\" data-widget_type=\"heading.default\">\n\t\t\t\t<div class=\"elementor-widget-container\">\n\t\t\t<style>\/*! elementor - v3.13.2 - 11-05-2023 *\/\n.elementor-heading-title{padding:0;margin:0;line-height:1}.elementor-widget-heading .elementor-heading-title[class*=elementor-size-]>a{color:inherit;font-size:inherit;line-height:inherit}.elementor-widget-heading .elementor-heading-title.elementor-size-small{font-size:15px}.elementor-widget-heading .elementor-heading-title.elementor-size-medium{font-size:19px}.elementor-widget-heading .elementor-heading-title.elementor-size-large{font-size:29px}.elementor-widget-heading .elementor-heading-title.elementor-size-xl{font-size:39px}.elementor-widget-heading .elementor-heading-title.elementor-size-xxl{font-size:59px}<\/style><h2 class=\"elementor-heading-title elementor-size-default\"><a href=\"https:\/\/www.plaska.pl\/\">NOCLEG w <span style=\"font-size: 19.6px;\">GMINIE P\u0141ASKA<\/span><span style=\"font-family: Arimo, sans-serif; font-weight: 500; font-size: 1.4em;\">\u2026                                                                                                    <\/span><span style=\"font-size: 19.6px;\">SUWALSZCZYZNA,<\/span><p><span lang=\"PL\">PUSZCZA AUGUSTOWSKA, KANA\u0141 AUGUSTOWSKI <o:p><\/o:p><\/span><\/p>\n\n<\/a><\/h2>\t\t<\/div>\n\t\t\t\t<\/div>\n\t\t\t\t<div class=\"elementor-element elementor-element-3b529997 elementor-widget elementor-widget-heading\" data-id=\"3b529997\" data-element_type=\"widget\" data-widget_type=\"heading.default\">\n\t\t\t\t<div class=\"elementor-widget-container\">\n\t\t\t<h1 class=\"elementor-heading-title elementor-size-default\">Domek w Gruszkach <\/h1>\t\t<\/div>\n\t\t\t\t<\/div>\n\t\t\t\t<section class=\"elementor-section elementor-inner-section elementor-element elementor-element-29e68ae6 animated-slow elementor-section-boxed elementor-section-height-default elementor-section-height-default elementor-invisible\" data-id=\"29e68ae6\" data-element_type=\"section\" id=\"welcome\" data-settings=\"{&quot;animation&quot;:&quot;fadeIn&quot;,&quot;animation_delay&quot;:300}\">\n\t\t\t\t\t\t<div class=\"elementor-container elementor-column-gap-default\">\n\t\t\t\t\t<div class=\"elementor-column elementor-col-100 elementor-inner-column elementor-element elementor-element-5aba603c\" data-id=\"5aba603c\" data-element_type=\"column\" data-settings=\"{&quot;background_background&quot;:&quot;classic&quot;}\">\n\t\t\t<div class=\"elementor-widget-wrap elementor-element-populated\">\n\t\t\t\t\t\t\t\t<div class=\"elementor-element elementor-element-41a73310 elementor-hidden-phone elementor-widget elementor-widget-text-editor\" data-id=\"41a73310\" data-element_type=\"widget\" data-widget_type=\"text-editor.default\">\n\t\t\t\t<div class=\"elementor-widget-container\">\n\t\t\t<style>\/*! elementor - v3.13.2 - 11-05-2023 *\/\n.elementor-widget-text-editor.elementor-drop-cap-view-stacked .elementor-drop-cap{background-color:#69727d;color:#fff}.elementor-widget-text-editor.elementor-drop-cap-view-framed .elementor-drop-cap{color:#69727d;border:3px solid;background-color:transparent}.elementor-widget-text-editor:not(.elementor-drop-cap-view-default) .elementor-drop-cap{margin-top:8px}.elementor-widget-text-editor:not(.elementor-drop-cap-view-default) .elementor-drop-cap-letter{width:1em;height:1em}.elementor-widget-text-editor .elementor-drop-cap{float:left;text-align:center;line-height:1;font-size:50px}.elementor-widget-text-editor .elementor-drop-cap-letter{display:inline-block}<\/style>\t\t\t\t<p>Domek w Gruszkach zapewnia komfortowy wypoczynek dla 2-4 os\u00f3b, z mo\u017cliwo\u015bci\u0105 zakwaterowania maksymalnie 5 os\u00f3b dzi\u0119ki dodatkowej, rozk\u0142adanej sofie w salonie. Obiekt jest ca\u0142oroczny, klimatyzowany i ogrzewany, oferuj\u0105c dwa osobne pokoje. W jednym pokoju znajduje si\u0119 dwuosobowe \u0142\u00f3\u017cko, a w drugim \u2013 dwa jednoosobowe \u0142\u00f3\u017cka, kt\u00f3re mo\u017cna zsun\u0105\u0107, tworz\u0105c jedno du\u017ce \u0142\u00f3\u017cko.<\/p><p>W salonie znajduje si\u0119 aneks kuchenny, w kt\u00f3rym dost\u0119pne s\u0105 p\u0142yta grzewcza, czajnik, garnki, zastawa sto\u0142owa oraz lod\u00f3wka. Jest te\u017c st\u00f3\u0142 z krzes\u0142ami oraz rozk\u0142adana dwuosobowa kanapa. \u0141azienka wyposa\u017cona jest w prysznic, toalet\u0119, suszark\u0119 do w\u0142os\u00f3w oraz r\u0119czniki dla ka\u017cdego z go\u015bci.<\/p><p>Domek usytuowany jest przy lesie, na skraju <a href=\"https:\/\/www.dziczenie.pl\/\">Puszczy Augustowskiej<\/a>, w pobli\u017cu <a href=\"https:\/\/www.augustow.pl\/pl\">Augustowa<\/a>\u00a0na\u00a0 <a href=\"https:\/\/visit.podlaskie.eu\/turystyka\/\">Podlasiu<\/a><span style=\"font-size: 16.8px;\">. Na terenie obiektu znajduje si\u0119 miejsce na ognisko z grillem ogniskowym oraz meble ogrodowe, kt\u00f3re umo\u017cliwiaj\u0105 relaks na \u015bwie\u017cym powietrzu. Go\u015bcie maj\u0105 tak\u017ce do dyspozycji dwa rowery g\u00f3rskie oraz desk\u0119 SUP do p\u0142ywania (w cenie pobytu).<\/span><\/p><p>Dzi\u0119ki lokalizacji na <a href=\"http:\/\/www.suwalszczyzna.pl\/\">Suwalszczy\u017anie<\/a>, w bliskim s\u0105siedztwie Kana\u0142u Augustowskiego i szlaku <a href=\"https:\/\/greenvelo.pl\/\">Green Velo<\/a>, mo\u017cesz wybra\u0107 si\u0119 na wycieczki rowerowe po Puszczy Augustowskiej, pop\u0142ywa\u0107 na desce SUP lub zwiedzi\u0107 August\u00f3w. Wieczorem zach\u0119camy do obserwacji nieba i wypatrywania spadaj\u0105cych gwiazd, kt\u00f3re b\u0119d\u0105 niezapomnian\u0105 atrakcj\u0105 w tej malowniczej okolicy.<\/p>\t\t\t\t\t\t<\/div>\n\t\t\t\t<\/div>\n\t\t\t\t<div class=\"elementor-element elementor-element-66e0308 envato-kit-97-down-arrow animated-slow elementor-view-default elementor-invisible elementor-widget elementor-widget-icon\" data-id=\"66e0308\" data-element_type=\"widget\" data-settings=\"{&quot;_animation&quot;:&quot;fadeInDown&quot;,&quot;_animation_delay&quot;:1200}\" data-widget_type=\"icon.default\">\n\t\t\t\t<div class=\"elementor-widget-container\">\n\t\t\t\t\t<div class=\"elementor-icon-wrapper\">\n\t\t\t<a class=\"elementor-icon\" href=\"#welcome\">\n\t\t\t<i aria-hidden=\"true\" class=\"fas fa-arrow-down\"><\/i>\t\t\t<\/a>\n\t\t<\/div>\n\t\t\t\t<\/div>\n\t\t\t\t<\/div>\n\t\t\t\t\t<\/div>\n\t\t<\/div>\n\t\t\t\t\t\t\t<\/div>\n\t\t<\/section>\n\t\t\t\t\t<\/div>\n\t\t<\/div>\n\t\t\t\t\t\t\t<\/div>\n\t\t<\/section>\n\t\t\t\t<section class=\"elementor-section elementor-top-section elementor-element elementor-element-3e8e15e1 elementor-section-boxed elementor-section-height-default elementor-section-height-default\" data-id=\"3e8e15e1\" data-element_type=\"section\" data-settings=\"{&quot;background_background&quot;:&quot;classic&quot;}\">\n\t\t\t\t\t\t<div class=\"elementor-container elementor-column-gap-wider\">\n\t\t\t\t\t<div class=\"elementor-column elementor-col-100 elementor-top-column elementor-element elementor-element-3db1032d\" data-id=\"3db1032d\" data-element_type=\"column\">\n\t\t\t<div class=\"elementor-widget-wrap elementor-element-populated\">\n\t\t\t\t\t\t\t\t<div class=\"elementor-element elementor-element-5cd51e33 animated-slow elementor-position-top elementor-vertical-align-top elementor-invisible elementor-widget elementor-widget-image-box\" data-id=\"5cd51e33\" data-element_type=\"widget\" data-settings=\"{&quot;_animation&quot;:&quot;fadeIn&quot;,&quot;_animation_delay&quot;:300}\" data-widget_type=\"image-box.default\">\n\t\t\t\t<div class=\"elementor-widget-container\">\n\t\t\t<style>\/*! elementor - v3.13.2 - 11-05-2023 *\/\n.elementor-widget-image-box .elementor-image-box-content{width:100%}@media (min-width:768px){.elementor-widget-image-box.elementor-position-left .elementor-image-box-wrapper,.elementor-widget-image-box.elementor-position-right .elementor-image-box-wrapper{display:flex}.elementor-widget-image-box.elementor-position-right .elementor-image-box-wrapper{text-align:right;flex-direction:row-reverse}.elementor-widget-image-box.elementor-position-left .elementor-image-box-wrapper{text-align:left;flex-direction:row}.elementor-widget-image-box.elementor-position-top .elementor-image-box-img{margin:auto}.elementor-widget-image-box.elementor-vertical-align-top .elementor-image-box-wrapper{align-items:flex-start}.elementor-widget-image-box.elementor-vertical-align-middle .elementor-image-box-wrapper{align-items:center}.elementor-widget-image-box.elementor-vertical-align-bottom .elementor-image-box-wrapper{align-items:flex-end}}@media (max-width:767px){.elementor-widget-image-box .elementor-image-box-img{margin-left:auto!important;margin-right:auto!important;margin-bottom:15px}}.elementor-widget-image-box .elementor-image-box-img{display:inline-block}.elementor-widget-image-box .elementor-image-box-title a{color:inherit}.elementor-widget-image-box .elementor-image-box-wrapper{text-align:center}.elementor-widget-image-box .elementor-image-box-description{margin:0}<\/style><div class=\"elementor-image-box-wrapper\"><figure class=\"elementor-image-box-img\"><a href=\"http:\/\/domekwgruszkach.pl\/?page_id=16\"><img loading=\"lazy\" decoding=\"async\" width=\"768\" height=\"614\" src=\"https:\/\/domekwgruszkach.pl\/wp-content\/uploads\/2023\/06\/2-768x614.jpg\" class=\"attachment-medium_large size-medium_large wp-image-357\" alt=\"\" srcset=\"https:\/\/domekwgruszkach.pl\/wp-content\/uploads\/2023\/06\/2-768x614.jpg 768w, https:\/\/domekwgruszkach.pl\/wp-content\/uploads\/2023\/06\/2-300x240.jpg 300w, https:\/\/domekwgruszkach.pl\/wp-content\/uploads\/2023\/06\/2-1024x819.jpg 1024w, https:\/\/domekwgruszkach.pl\/wp-content\/uploads\/2023\/06\/2.jpg 1440w\" sizes=\"auto, (max-width: 768px) 100vw, 768px\" \/><\/a><\/figure><div class=\"elementor-image-box-content\"><h3 class=\"elementor-image-box-title\"><a href=\"http:\/\/domekwgruszkach.pl\/?page_id=16\">Atrakcje i okolica<\/a><\/h3><p class=\"elementor-image-box-description\">Polecamy  wycieczki po Podlasiu... <\/p><\/div><\/div>\t\t<\/div>\n\t\t\t\t<\/div>\n\t\t\t\t\t<\/div>\n\t\t<\/div>\n\t\t\t\t\t\t\t<\/div>\n\t\t<\/section>\n\t\t\t\t<section class=\"elementor-section elementor-top-section elementor-element elementor-element-b6c69f8 elementor-section-boxed elementor-section-height-default elementor-section-height-default\" data-id=\"b6c69f8\" data-element_type=\"section\" data-settings=\"{&quot;background_background&quot;:&quot;classic&quot;}\">\n\t\t\t\t\t\t<div class=\"elementor-container elementor-column-gap-wider\">\n\t\t\t\t\t<div class=\"elementor-column elementor-col-100 elementor-top-column elementor-element elementor-element-3256a06\" data-id=\"3256a06\" data-element_type=\"column\">\n\t\t\t<div class=\"elementor-widget-wrap elementor-element-populated\">\n\t\t\t\t\t\t\t\t<div class=\"elementor-element elementor-element-3b25017 animated-slow elementor-position-top elementor-vertical-align-top elementor-invisible elementor-widget elementor-widget-image-box\" data-id=\"3b25017\" data-element_type=\"widget\" data-settings=\"{&quot;_animation&quot;:&quot;fadeIn&quot;,&quot;_animation_delay&quot;:300}\" data-widget_type=\"image-box.default\">\n\t\t\t\t<div class=\"elementor-widget-container\">\n\t\t\t<div class=\"elementor-image-box-wrapper\"><figure class=\"elementor-image-box-img\"><a href=\"http:\/\/domekwgruszkach.pl\/?page_id=16\"><img loading=\"lazy\" decoding=\"async\" width=\"768\" height=\"768\" src=\"https:\/\/domekwgruszkach.pl\/wp-content\/uploads\/2023\/06\/3-768x768.jpg\" class=\"attachment-medium_large size-medium_large wp-image-358\" alt=\"\" srcset=\"https:\/\/domekwgruszkach.pl\/wp-content\/uploads\/2023\/06\/3-768x768.jpg 768w, https:\/\/domekwgruszkach.pl\/wp-content\/uploads\/2023\/06\/3-300x300.jpg 300w, https:\/\/domekwgruszkach.pl\/wp-content\/uploads\/2023\/06\/3-1024x1024.jpg 1024w, https:\/\/domekwgruszkach.pl\/wp-content\/uploads\/2023\/06\/3-150x150.jpg 150w, https:\/\/domekwgruszkach.pl\/wp-content\/uploads\/2023\/06\/3-1536x1536.jpg 1536w, https:\/\/domekwgruszkach.pl\/wp-content\/uploads\/2023\/06\/3-2048x2048.jpg 2048w, https:\/\/domekwgruszkach.pl\/wp-content\/uploads\/2023\/06\/3-600x600.jpg 600w\" sizes=\"auto, (max-width: 768px) 100vw, 768px\" \/><\/a><\/figure><div class=\"elementor-image-box-content\"><h3 class=\"elementor-image-box-title\"><a href=\"http:\/\/domekwgruszkach.pl\/?page_id=16\">Atrakcje i okolica<\/a><\/h3><p class=\"elementor-image-box-description\">Polecamy  wycieczki po Podlasiu... <\/p><\/div><\/div>\t\t<\/div>\n\t\t\t\t<\/div>\n\t\t\t\t\t<\/div>\n\t\t<\/div>\n\t\t\t\t\t\t\t<\/div>\n\t\t<\/section>\n\t\t\t\t<section class=\"elementor-section elementor-inner-section elementor-element elementor-element-67405877 elementor-section-boxed elementor-section-height-default elementor-section-height-default\" data-id=\"67405877\" data-element_type=\"section\">\n\t\t\t\t\t\t<div class=\"elementor-container elementor-column-gap-default\">\n\t\t\t\t\t<div class=\"elementor-column elementor-col-100 elementor-inner-column elementor-element elementor-element-78820dd6\" data-id=\"78820dd6\" data-element_type=\"column\">\n\t\t\t<div class=\"elementor-widget-wrap elementor-element-populated\">\n\t\t\t\t\t\t\t\t<div class=\"elementor-element elementor-element-17563c24 elementor-widget elementor-widget-image\" data-id=\"17563c24\" data-element_type=\"widget\" data-widget_type=\"image.default\">\n\t\t\t\t<div class=\"elementor-widget-container\">\n\t\t\t<style>\/*! elementor - v3.13.2 - 11-05-2023 *\/\n.elementor-widget-image{text-align:center}.elementor-widget-image a{display:inline-block}.elementor-widget-image a img[src$=\".svg\"]{width:48px}.elementor-widget-image img{vertical-align:middle;display:inline-block}<\/style>\t\t\t\t\t\t\t\t\t<figure class=\"wp-caption\">\n\t\t\t\t\t\t\t\t\t\t<img loading=\"lazy\" decoding=\"async\" width=\"768\" height=\"102\" src=\"https:\/\/domekwgruszkach.pl\/wp-content\/uploads\/2023\/05\/Capture_logo-1-768x102.png\" class=\"attachment-medium_large size-medium_large wp-image-131\" alt=\"\" srcset=\"https:\/\/domekwgruszkach.pl\/wp-content\/uploads\/2023\/05\/Capture_logo-1-768x102.png 768w, https:\/\/domekwgruszkach.pl\/wp-content\/uploads\/2023\/05\/Capture_logo-1-300x40.png 300w, https:\/\/domekwgruszkach.pl\/wp-content\/uploads\/2023\/05\/Capture_logo-1-1024x136.png 1024w, https:\/\/domekwgruszkach.pl\/wp-content\/uploads\/2023\/05\/Capture_logo-1-1536x204.png 1536w, https:\/\/domekwgruszkach.pl\/wp-content\/uploads\/2023\/05\/Capture_logo-1.png 1683w\" sizes=\"auto, (max-width: 768px) 100vw, 768px\" \/>\t\t\t\t\t\t\t\t\t\t\t<figcaption class=\"widget-image-caption wp-caption-text\">Operacja \u2018\u2019Zakupu domku mobilnego na ko\u0142ach z wyposa\u017ceniem\u2019\u2019 realizowana w ramach Programu \u201eRybactwo i Morze\u201d.  Umowa o dofinansowanie nr 00085-6523.2-SW1010008\/21\/23<\/figcaption>\n\t\t\t\t\t\t\t\t\t\t<\/figure>\n\t\t\t\t\t\t\t\t\t<\/div>\n\t\t\t\t<\/div>\n\t\t\t\t\t<\/div>\n\t\t<\/div>\n\t\t\t\t\t\t\t<\/div>\n\t\t<\/section>\n\t\t\t\t\t\t\t<\/div>\n\t\t","protected":false},"excerpt":{"rendered":"<p>NOCLEG w GMINIE P\u0141ASKA\u2026 SUWALSZCZYZNA, PUSZCZA AUGUSTOWSKA, KANA\u0141 AUGUSTOWSKI Domek w Gruszkach Domek w Gruszkach zapewnia komfortowy wypoczynek dla 2-4 os\u00f3b, z mo\u017cliwo\u015bci\u0105 zakwaterowania maksymalnie 5 os\u00f3b dzi\u0119ki dodatkowej, rozk\u0142adanej sofie w salonie. Obiekt jest ca\u0142oroczny, klimatyzowany i ogrzewany, oferuj\u0105c dwa osobne pokoje. W jednym pokoju znajduje si\u0119 dwuosobowe \u0142\u00f3\u017cko, a w drugim \u2013 dwa [&hellip;]<\/p>\n","protected":false},"author":1,"featured_media":0,"parent":0,"menu_order":0,"comment_status":"closed","ping_status":"closed","template":"","meta":{"_monsterinsights_skip_tracking":false,"_monsterinsights_sitenote_active":false,"_monsterinsights_sitenote_note":"","_monsterinsights_sitenote_category":0,"footnotes":""},"class_list":["post-7","page","type-page","status-publish","hentry","entry"],"aioseo_notices":[],"_links":{"self":[{"href":"https:\/\/domekwgruszkach.pl\/index.php?rest_route=\/wp\/v2\/pages\/7","targetHints":{"allow":["GET"]}}],"collection":[{"href":"https:\/\/domekwgruszkach.pl\/index.php?rest_route=\/wp\/v2\/pages"}],"about":[{"href":"https:\/\/domekwgruszkach.pl\/index.php?rest_route=\/wp\/v2\/types\/page"}],"author":[{"embeddable":true,"href":"https:\/\/domekwgruszkach.pl\/index.php?rest_route=\/wp\/v2\/users\/1"}],"replies":[{"embeddable":true,"href":"https:\/\/domekwgruszkach.pl\/index.php?rest_route=%2Fwp%2Fv2%2Fcomments&post=7"}],"version-history":[{"count":115,"href":"https:\/\/domekwgruszkach.pl\/index.php?rest_route=\/wp\/v2\/pages\/7\/revisions"}],"predecessor-version":[{"id":466,"href":"https:\/\/domekwgruszkach.pl\/index.php?rest_route=\/wp\/v2\/pages\/7\/revisions\/466"}],"wp:attachment":[{"href":"https:\/\/domekwgruszkach.pl\/index.php?rest_route=%2Fwp%2Fv2%2Fmedia&parent=7"}],"curies":[{"name":"wp","href":"https:\/\/api.w.org\/{rel}","templated":true}]}}